{"id":27319,"date":"2022-07-07T16:00:01","date_gmt":"2022-07-07T14:00:01","guid":{"rendered":"https:\/\/brizza.it\/terms-of-use-2\/"},"modified":"2022-10-10T13:46:29","modified_gmt":"2022-10-10T11:46:29","slug":"terms-of-use-2","status":"publish","type":"page","link":"https:\/\/brizza.it\/en\/terms-of-use-2\/","title":{"rendered":"Terms of use"},"content":{"rendered":"\n<p>GENERAL CONDITIONS OF USE AND SALE<\/p>\n\n<p>JURISDICTION AND APPLICABLE LAW<br\/>These &#8220;General Terms and Conditions of Use and Sale&#8221; of the Site (hereinafter &#8220;GCS&#8221;) together with the additional terms and conditions contained<br\/>dans la &#8220;Politique de confidentialit\u00e9&#8221; et dans la &#8220;Politique de cookies&#8221; qui peuvent \u00eatre consult\u00e9es sur le site Web brizza.it, r\u00e9gissent la fourniture des services offerts par Brizza Sport srl,<br\/>owner of the website accessible at www.brizza.it, with registered office in Via Enrico Mattei 14, 20037 Paderno Dugnano (MI) Italy,<br\/>VAT and Tax Code 08687170962, REA MI-2042541, email <a href=\"mailto:sito@brizza.it\">sito@brizza.it<\/a>, PEC <a href=\"mailto:brizzasportsrl@legalmail.it\">brizzasportsrl@legalmail.it<\/a>, tel +39029183393, fax +39029185874.<\/p>\n\n<p>Before proceeding to register and use the features of the site accessible at www.brizza.it (hereinafter, &#8220;the Site&#8221;),<br\/>the User is invited to read the terms and conditions set forth below.<br\/>The terms and conditions under which are described below<br\/>Brizza Sport srl offers Users access to the services available on the Site and the purchase of the items contained therein. Using the Site<br\/>the User declares to know the following terms and conditions of use and sale, the Privacy Policy and the Cookies Policy published therein,<br\/>which fully accepts. If the User does not accept them, he is invited not to use this Site.<\/p>\n\n<p>The contract stipulated between<br\/>Brizza Sport srl and the Customer must be considered concluded with the acceptance of the order by Brizza Sport. This acceptance is considered tacit, <br\/>unless otherwise communicated to the Customer in any way. By placing an order in the manner provided, the Customer declares to have read <br\/>of all the information provided to him during the purchase procedure and to fully accept the general conditions of sale and payment<br\/>below.<br\/>The customer can purchase the products in the electronic catalog of brizza.it at the time of forwarding<br\/>order and viewable online at www.brizza.it, as described in the relevant information sheets. Correct reception <br\/>the order is confirmed by Brizza Sport by means of an e-mail reply, automatically sent to the e-mail address communicated<br\/>by the Customer. The message re-proposes the items ordered and all the data entered by the Customer who undertakes to verify their correctness and to <br\/>promptly communicate any corrections.<br\/>Any dispute that may arise in relation to the contracts governed by these General Conditions or that is in any case connected to them,<br\/>it will be donated exclusively to the Forum of Monza (MB).<\/p>\n\n<p>SUBJECT AND DESCRIPTION OF THE SITE<br\/>These GCS govern the offer and sale of Products through the Site. The sale is carried out only in bulk. <br\/>Access to the Site and related services is intended for use exclusively reserved for legal persons, holders of VAT numbers acting for purposes<br\/>related to their business, commercial, craft or professional activity.<br\/>The Site allows unregistered Users to browse it,<br\/>excluding the pages to access which registration is required. In any case, unregistered Users are not allowed to view the prices of <br\/>Purchase of Products or proceed with the purchase of Products.<br\/>The Site allows registered users<br\/>browsing the same, viewing and purchasing the Products.<br\/>Registration on the Site by Users is free of charge and does not entail any obligation to purchase on the Site. All prices indicated on the <br\/>Site are expressed in Euro, they are to be understood net of VAT, taxes and shipping costs.<br\/>The Site may contain spaces or links managed by third parties, for purposes related to the correct provision of the services available<br\/>(e.g. manager of the online payment service).<br\/>The relationships between Users and said third parties are regulated separately<br\/>contractual relationships with which the User is required to comply. The Provider has no control over such sites or resources and therefore does not assume <br\/>no responsibility for them or for any loss or damage that may arise to Users as a result of their use.<\/p>\n\n<p>The Provider reserves the right to suspend and \/ or cancel the account, block access to the Site, in whole and \/ or in part, temporarily.<br\/>and \/ or definitive, in case of violation, by the User, of even one of the obligations provided for in these Conditions and in the Privacy Policy,<br\/>and in any other case at its sole discretion<\/p>\n\n<p>USER OBLIGATIONS AND RESPONSIBILITIES<br\/>The User undertakes to use the Site in good faith and with the best diligence, in compliance with these GCS,<br\/>of the Privacy Policy and the Cookie Policy.<br\/>By using this Site and \/ or placing orders through it, the User agrees to: (i) make use of the<br\/>Site only for carrying out legally valid consultations or orders; (ii) not to place false and \/ or fraudulent orders. We inform you that in this case, <br\/>if there are sufficient elements to believe that a false and \/ or fraudulent order has been placed, the Lender will be authorized to cancel it<br\/>and to inform the competent authorities; (iii) provide the Provider with the VAT number, company name, e-mail address,<br\/>recipient code or pec for electronic invoicing, billing address, delivery address and \/ or other data and \/ or information necessary for<br\/>the provision of the Services in a complete, truthful and correct manner.<br\/>The Provider reserves the right to prevent access to the Site,<br\/>to suspend and \/ or remove an account, to remove and \/ or modify the contents of the site at its sole discretion and at its sole discretion.<\/p>\n\n<p>PRODUCT INFORMATION<br\/>Brizza Sport srl pays particular attention to the online publication of information relating to the essential characteristics of the products, too<br\/>through illustrative photographs of the products, within the limits of the technique and in compliance with the best standards of the market.<\/p>\n\n<p>AVAILABILITY&#8217;<br\/>Brizza Sport srl makes every effort to ensure that the availability of the products on the site is always updated, however, in the unlikely event<br\/>that a product listed as available is instead out of stock, the Customer will be promptly notified by e-mail, so that he can decide whether to wait<br\/>that the product becomes available again, or cancel the order placed in whole or in part, eliminating from the order the products no longer available in stock.<br\/>In the event that the unavailability of the product is due to a definitive stop of its production by the manufacturer, Brizza Sport srl<br\/>will propose to the Customer a product of equivalent quality and price. In case of refusal by the customer, Brizza Sport srl will refund the unavailable product. <\/p>\n\n<p>DELIVERY METHODS<br\/>The products purchased on Brizza.it can be delivered throughout Europe and non-EEC countries.<br\/>The order will be delivered to the address indicated at the time of the order.<br\/>The expected delivery times for Italy are determined by the following 2 elements:<br\/>1. payment handling time: (24 hours if payment is made by credit card, up to 7 working days if payment is made<br\/>by bank transfer in advance);<br\/>2. the timing depends on the delivery location: the products leave every day and the delivery takes place in times ranging from one to three days<br\/>(excluding holidays). In the special cases of so-called &#8220;disadvantaged&#8221; locations and islands, one or two days must be added to the previous timing. <br\/>3. Upon delivery, it is necessary to check that the packaging is intact, not damaged or wet and that the number of packages indicated on the invoice<br\/>corresponds to the number of packages actually delivered. Any disputes must be reported immediately to the courier. <\/p>\n\n<p>SHIPPING FEES<br\/>Transport in Italy (including islands, excluding Livigno, Campione d&#8217;Italia, Italian waters of Lake Lugano included in the Ponte Tresa and Porto Ceresio stretch)<br\/>it is ALWAYS FREE for purchases over 500.00 Euro + VAT. For smaller orders, a contribution of \u20ac 12 + VAT is required. <\/p>\n\n<p>Transport to Livigno, Campione d&#8217;Italia, Italian waters of Lake Lugano included in the Ponte Tresa and Porto Ceresio section is ALWAYS FREE for<br\/>purchases over 1,500.00 Euros.<br\/>For smaller orders, a contribution of \u20ac 40 + VAT is required.<\/p>\n\n<p>For EU shipments visit the dedicated link.<br\/><br\/>For countries not included in the list, request a separate quotation, after which order confirmation and payment will follow.<\/p>\n\n<p>If the goods ordered were to be delivered outside Italy, there may be import duties and \/ or taxes, payable once<br\/>that the order reaches the specified destination. Any additional cost of customs clearance will be the sole responsibility of the customer. <\/p>\n\n<p>Without prejudice to extraordinary circumstances (by way of example but not limited to, natural disasters and causes of force majeure) the Provider undertakes<br\/>to do everything in its power to send the order of the product (s) indicated in the relevant Shipping Confirmation, by the date indicated<br\/>in such Shipment Confirmation.<br\/>In any case, the Provider will not be responsible for failure or delay in delivery due to force majeure, such as &#8211; by way of example and<br\/>not exhaustive &#8211; strikes, public authority measures, fires, floods, natural disasters, wars and acts of terrorism.<\/p>\n\n<p>TERMS OF PAYMENT<br\/>* By credit card, we accept all credit cards belonging to the VISA, MASTERCARD, MAESTRO circuits. The withdrawal of the amount takes place <br\/>when the transaction is concluded and at the same time an automatic notification e-mail is sent to the customer&#8217;s e-mail address. In case of <br\/>cancellation of the order, the amount will be refunded to the customer&#8217;s bank account.<\/p>\n\n<p>* It is also possible to pay with Paypal. Subscription to PayPal is free and its use does not involve any cost.  PayPal allows you to send payments<br\/>secure (all transactions are encrypted and monitored 24\/7) with a simple click, and without sharing your data<br\/>financial with traders. Thanks to this choice, the data relating to the Customer&#8217;s Credit Card remain exclusively known to PayPal and <br\/>they are not transmitted to Brizza.it nor to third parties.<br\/>It is also noted that, in the event that Brizza.it has suspicions of fraud relating to a specific payment, the latter may be canceled without notice.<br\/>Through Paypal, you will be directed to the secure PayPal page. You can then complete the payment directly from your PayPal account. <br\/>The amount relating to the order is charged to the PayPal account at the time of order acquisition. In case of cancellation of the order, <br\/>the amount will be refunded to the customer&#8217;s PayPal account.<\/p>\n\n<p>* By cash on delivery in CASH, only for deliveries made in Italy, upon receipt of the goods, directly to the Express Courier who makes<br\/>delivery. Cash on delivery is optional for orders with a maximum amount of \u20ac 2999.99. <br\/>NB: Cash on delivery is NOT accepted under any circumstances for foreign orders.<\/p>\n\n<p>*By Bank transfer. The dispatch of the order will take place only when the amount due is actually credited to the current account of <br\/>Brizza Sport srl which must take place within 7 (seven) working days from the date of the order. In case of cancellation of the order, it will be re-credited<br\/>the amount on the originating account. Our coordinates are<br\/>:<br\/>BRIZZA SPORT SRL<br\/>IBAN IT 50 Y 02008 33520 000103291803, SWIFT: UNCRITM1250.<br\/>In the description indicate your order number or the recipient&#8217;s reference.<\/p>\n\n<p>Issue of fiscal documents<br\/>Invoices to customers in Italy will be issued in electronic format as per current legislation.<br\/>Invoices for all other countries will be sent in pdf format to the email address provided.<\/p>\n\n<p>MADE<br\/>If the purchased product does not conform to the presentation on the site or is defective, you can activate the return procedure in the following ways:<br\/>By mail to <a href=\"mailto:sito@brizza.it\">sito@brizza.it<\/a><br\/>By insured mail addressed to Brizza Sport srl, Via Enrico Mattei 14, 20037 Paderno Dugnano-MI (ITALY)<br\/>To return the product, it must have kept the original packaging intact and not have cut or broken any packaging plastics and labels.<br\/>If these points are not respected we cannot accept the return.<br\/>In the event of a defect or non-compliant product, the transport costs will be entirely borne by Brizza Sport srl. Otherwise, they will not be refunded. <\/p>\n\n<p>WARRANTY<br\/>All goods sold by Brizza.it benefit from the 12 months warranty for objective manufacturing defects.<br\/>If the user reports a defect, the product must be returned at the user&#8217;s expense. If the defect is confirmed, the<br\/>replacement or credit otherwise the product will be available to the user for collection or will be shipped at the user&#8217;s expense.<\/p>\n\n<p>Within the limits permitted by law, the Provider declines all responsibility in the event that the product delivered does not comply with the legislation of the country<br\/>delivery other than Italy.<br\/>In any case, the User renounces, pursuant to and for the purposes of Article 131 of Legislative Decree 206 of 2005, to exercise any <br\/>recourse action against the Lender.<br\/>The User explicitly acknowledges and accepts that in no case the Provider will be liable<br\/>for any losses suffered, loss of earnings or any other damage that is not an immediate and direct consequence of its non-fulfillment or that does not<br\/>was foreseeable at the time of the conclusion of the sales contract.<\/p>\n\n<p>TRANSPARENCY OF PRICES<br\/>The price of the Products published on the Site is net of taxes, delivery costs and any other element.<\/p>\n\n<p>MODIFICATION OF THE GENERAL CONDITIONS OF USE AND SALE<br\/>The Provider reserves the right to modify the Site, these GCS, the Privacy Policy and the Cookie Policy at any time to offer<br\/>new products or services, or to comply with new legal provisions. The User will be subject to the policies and terms of the GCS <br\/>from time to time in force at the time of sending the order, unless any changes to these terms are required by<br\/>applicable law or by competent authorities (in which case, they will also apply to previously placed orders).<\/p>\n\n<p>BY CONTINUING TO USE THE SERVICES AFTER THE CHANGES ENTERED INTO FORCE, THE USER FULLY ACCEPTS SUCH CHANGES. OTHERWISE, <br\/>IF THE USER DOES NOT INTEND TO ACCEPT THE CHANGES, HE WILL HAVE TO CANCEL HIS REGISTRATION.<\/p>\n\n<p>PROTECTION OF THE CONFIDENTIALITY OF PERSONAL DATA<br\/>The processing of personal data of which the Service Provider is the Data Controller takes place in compliance with current legislation on the subject.<br\/>For the methods of processing personal data, please refer to the Privacy Policy available at www.brizza.it<\/p>\n\n<p>JURISDICTION<br\/>These Conditions are regulated and must be interpreted in accordance with Italian law, and the application of the<br\/>United Nations Convention on Contracts for the International Sale of Goods.<br\/>Any dispute that may arise in relation to the contracts governed by these General Conditions or that is in any case connected to them,<br\/>it will be donated exclusively to the Monza-MB Forum.<\/p>\n\n<p>CONCLUDING PROVISIONS<\/p>\n\n<p>For any communications, please contact the Provider at the following addresses:<br\/>&#8211; BRIZZA SPORT SRL, Via Enrico Mattei 14, 20037 Paderno Dugnano-MI (ITALIA)<br\/>&#8211; PEC: <a href=\"mailto:brizzasportsrl@legalmail.it\">brizzasportsrl@legalmail.it<\/a><br\/>&#8211; E-mail: <a href=\"mailto:sito@brizza.it\">sito@brizza.it<\/a><br\/>&#8211; Tel +39 02 9183393<br\/>&#8211; Fax +39 02 9185874<br\/>&#8211; recipient code for electronic invoicing M5UXCR1<\/p>\n\n<p>If a provision of these GCS should be totally or partially null and \/ or ineffective, the remaining provisions of the GCS will remain in effect.<br\/>each case valid and effective.<br\/>Although not expressly provided for by these GCS, the Italian laws in force apply. These GCS <br\/>they are available in Italian, English, French and German.<\/p>\n\n<p>Ai sensi e per gli effetti degli artt.1341 e 1342 c.c. l\u2019Utente, previa attenta lettura di ogni clausola, e avendo attentamente esaminato il contenuto<br\/>di tutti i punti, espressamente li approva ed accetta.<br\/><a href=\"https:\/\/brizza.it\/en\/contacts\/\">Dati del venditore &#8211; Contattaci<\/a> <\/p>\n","protected":false},"excerpt":{"rendered":"<p>GENERAL CONDITIONS OF USE AND SALE JURISDICTION AND APPLICABLE LAWThese &#8220;General Terms and Conditions of Use and Sale&#8221; of the Site (hereinafter &#8220;GCS&#8221;) together with the additional terms and conditions containeddans la &#8220;Politique de confidentialit\u00e9&#8221; et dans la &#8220;Politique de cookies&#8221; qui peuvent \u00eatre consult\u00e9es sur le site Web brizza.it, r\u00e9gissent la fourniture des services [&hellip;]<\/p>\n","protected":false},"author":2,"featured_media":0,"parent":0,"menu_order":0,"comment_status":"closed","ping_status":"closed","template":"","meta":{"footnotes":""},"class_list":["post-27319","page","type-page","status-publish","hentry"],"blocksy_meta":{"styles_descriptor":{"styles":{"desktop":"","tablet":"","mobile":""},"google_fonts":[],"version":6}},"_links":{"self":[{"href":"https:\/\/brizza.it\/en\/wp-json\/wp\/v2\/pages\/27319","targetHints":{"allow":["GET"]}}],"collection":[{"href":"https:\/\/brizza.it\/en\/wp-json\/wp\/v2\/pages"}],"about":[{"href":"https:\/\/brizza.it\/en\/wp-json\/wp\/v2\/types\/page"}],"author":[{"embeddable":true,"href":"https:\/\/brizza.it\/en\/wp-json\/wp\/v2\/users\/2"}],"replies":[{"embeddable":true,"href":"https:\/\/brizza.it\/en\/wp-json\/wp\/v2\/comments?post=27319"}],"version-history":[{"count":0,"href":"https:\/\/brizza.it\/en\/wp-json\/wp\/v2\/pages\/27319\/revisions"}],"wp:attachment":[{"href":"https:\/\/brizza.it\/en\/wp-json\/wp\/v2\/media?parent=27319"}],"curies":[{"name":"wp","href":"https:\/\/api.w.org\/{rel}","templated":true}]}}